{"id":6187,"date":"2023-10-09T14:40:32","date_gmt":"2023-10-09T14:40:32","guid":{"rendered":"https:\/\/fantasyfineart.cl\/?page_id=6187"},"modified":"2023-12-30T21:49:11","modified_gmt":"2023-12-30T21:49:11","slug":"sesiones","status":"publish","type":"page","link":"https:\/\/fantasyfineart.cl\/index.php\/sesiones\/","title":{"rendered":"Sesiones"},"content":{"rendered":"<div  class=\"one withsmallpadding ppb_header \" style=\"text-align:center;padding:50px 0 50px 0;background-color:#030303;\" >\n<div class=\"standard_wrapper\">\n<div class=\"page_content_wrapper\">\n<div class=\"inner\">\n<div style=\"margin:auto;width:50%\">\n<h2 class=\"ppb_title\" style=\"\">La Sesi\u00f3n<\/h2>\n<\/div>\n<\/div>\n<\/div>\n<\/div>\n<\/div>\n<div class=\"standard_wrapper\">\n<div  class=\"one_third withsmallpadding ppb_text\" style=\"margin-bottom: 0 !important;padding:50px 0 50px 0;\" >\n<div class=\"standard_wrapper\">\n<div class=\"page_content_wrapper\">\n<div class=\"inner\">\n<div style=\"margin:auto;width:100%\">\n<h5>Fine Art<\/h5>\n<p>Te ofrecemos la posibilidad de combinar el arte del Fine Art con la fantas\u00eda para lograr una experiencia \u00fanica y personalizada. El Fine Art busca obtener fotograf\u00edas con un enfoque art\u00edstico, mientras que la fantas\u00eda nos permite crear escenarios irreales. Con el vestuario y la puesta en escena precisos, podemos lograr cualquier ambiente que desees, puedes descargar nuestro cat\u00e1logo de vestuarios m\u00e1s abajo.<\/p>\n<\/div>\n<\/div>\n<\/div>\n<\/div>\n<\/div>\n<\/div>\n<div class=\"standard_wrapper\">\n<div  class=\"one_third withsmallpadding ppb_text\" style=\"margin-bottom: 0 !important;padding:50px 0 50px 0;background-color:#000000;\" >\n<div class=\"standard_wrapper\">\n<div class=\"page_content_wrapper\">\n<div class=\"inner\">\n<div style=\"margin:auto;width:100%\">\n<h5>La Sesi\u00f3n<\/h5>\n<p>Realizamos nuestras sesiones fotogr\u00e1ficas en el encantador entorno natural del Caj\u00f3n del Maipo, en un espacio de acceso exclusivo, debes considerar un peque\u00f1o treking de unos 20 minutos para llegar al lugar de la sesi\u00f3n, el cambio de vestuario se realiza en el mismo lugar. Si deseas reservar tu sesi\u00f3n, puedes hacerlo mediante transferencia bancaria o puedes pagar el total a trav\u00e9s de Mercado Pago. Es indispensable agendar con al menos dos semanas de antelaci\u00f3n. Para confirmar tu sesi\u00f3n, solicitamos un anticipo del 50% del monto total,  dicho anticipo garantiza la disponibilidad del fot\u00f3grafo tanto para la asesor\u00eda como para la sesi\u00f3n programada,  el otro 50% debe cancelarse el mismo d\u00eda de la sesi\u00f3n.<\/p>\n<\/div>\n<\/div>\n<\/div>\n<\/div>\n<\/div>\n<\/div>\n<div class=\"standard_wrapper\">\n<div  class=\"one_third last withsmallpadding ppb_text\" style=\"margin-bottom: 0 !important;padding:50px 0 50px 0;background-color:#000000;\" >\n<div class=\"standard_wrapper\">\n<div class=\"page_content_wrapper\">\n<div class=\"inner\">\n<div style=\"margin:auto;width:100%\">\n<h5>Agendar<\/h5>\n<p>Para agendar, solicitamos un anticipo del 50% del monto total mediante transferencia bancaria o puedes pagar el total a trav\u00e9s de Mercado Pago. Es indispensable agendar con al menos tres semanas de antelaci\u00f3n. Dicho anticipo garantiza la disponibilidad del fot\u00f3grafo tanto para la asesor\u00eda como para la sesi\u00f3n programada. Es importante mencionar que este no es reembolsable, a excepci\u00f3n de casos de fuerza mayor como accidentes o enfermedad, en caso de lluvia se reagenda . El saldo pendiente se liquidar\u00e1 en el momento de la sesi\u00f3n. Para las sesiones Golden y Platinum, ponemos a tu disposici\u00f3n una variedad de vestuarios <a href=\"https:\/\/fantasyfineart.cl\/wp-content\/uploads\/2023\/12\/Fantasy-Fine-Art-2024-.pdf\">disponibles en nuestro cat\u00e1logo ac\u00e1<\/a>. Te recordamos que el maquillaje y peinado corren por cuenta del cliente<\/p>\n<\/div>\n<\/div>\n<\/div>\n<\/div>\n<\/div>\n<\/div>\n<div  class=\"one ppb_pricing\" style=\"padding-top:85px !important;padding:50px 0 50px 0;background-color:#f0f0f0;\" >\n<div class=\"standard_wrapper\">\n<div class=\"page_content_wrapper\">\n<div class=\"inner\">\n<div class=\"pricing_content_wrapper light\">\n<div class=\"pricing one_third featured \">\n<div class=\"pricing_wrapper_border\">\n<ul class=\"pricing_wrapper\">\n<li class=\"title_row featured\" style=\"color:#222222;\">Silver<\/li>\n<li class=\"price_row\"><strong>$CLP<\/strong><em class=\"exact_price\" style=\"color:#222222;\">80.000<\/em><em class=\"time\"><\/em><\/li>\n<li>Sesi\u00f3n 1 Persona\n<\/li>\n<li>2 Fotos edici\u00f3n  Fine Art\n<\/li>\n<li>1 hr de duraci\u00f3n\n<\/li>\n<li>20  fotos edici\u00f3n b\u00e1sica lightroom\n<\/li>\n<li>Sesi\u00f3n exterior Luz natural\n<\/li>\n<li>No incluye Vestuario<\/li>\n<li class=\"button_row featured\"><a href=\"https:\/\/wa.link\/cuyfpe\" class=\"button\"  style=\"background:#222222;border-color:#222222;color:#fff;\">Contactar<\/a><\/li>\n<\/ul>\n<\/div>\n<\/div>\n<div class=\"pricing one_third featured \">\n<div class=\"pricing_wrapper_border\">\n<ul class=\"pricing_wrapper\">\n<li class=\"title_row featured\" style=\"color:#222222;\">Gold<\/li>\n<li class=\"price_row\"><strong>$CLP<\/strong><em class=\"exact_price\" style=\"color:#222222;\">140.000<\/em><em class=\"time\"><\/em><\/li>\n<li>Sesi\u00f3n 1 Persona \/ 1 Vestuario\n<\/li>\n<li>3 Fotos edici\u00f3n  Fine Art\n<\/li>\n<li>2 hrs de duraci\u00f3n\n<\/li>\n<li>40 fotos edici\u00f3n b\u00e1sica lightroom\n<\/li>\n<li>Sesi\u00f3n exterior Luz natural\n<\/li>\n<li>Incluye Vestuario \/ Accesorios (ver lista)<\/li>\n<li class=\"button_row featured\"><a href=\"https:\/\/fantasyfineart.cl\/wp-content\/uploads\/2023\/12\/Fantasy-Fine-Art-2024-.pdf\" class=\"button\"  style=\"background:#222222;border-color:#222222;color:#fff;\">Ver Vestuario<\/a><\/li>\n<\/ul>\n<\/div>\n<\/div>\n<div class=\"pricing one_third  last\">\n<div class=\"pricing_wrapper_border\">\n<ul class=\"pricing_wrapper\">\n<li class=\"title_row \" style=\"color:#222222;\">Platinum<\/li>\n<li class=\"price_row\"><strong>$CLP<\/strong><em class=\"exact_price\" style=\"color:#222222;\">180.000<\/em><em class=\"time\"><\/em><\/li>\n<li>Sesi\u00f3n 1 Persona \/ 1 Vestuario\n<\/li>\n<li>5 Fotos edici\u00f3n Fine Art\n<\/li>\n<li>Sesi\u00f3n de 3 hrs.\n<\/li>\n<li>50 fotos edici\u00f3n b\u00e1sica lightroom\n<\/li>\n<li>Sesi\u00f3n exterior Luz natural\n<\/li>\n<li>Incluye Vestuario \/ Maquillaje \/ Accesorios (ver lista)<\/li>\n<li class=\"button_row \"><a href=\"https:\/\/fantasyfineart.cl\/wp-content\/uploads\/2023\/12\/Fantasy-Fine-Art-2024-.pdf\" class=\"button\"  style=\"background:#222222;border-color:#222222;color:#fff;\">Ver Vestuario<\/a><\/li>\n<\/ul>\n<\/div>\n<\/div>\n<\/div>\n<\/div>\n<\/div>\n<\/div>\n<\/div>\n<div  class=\"one withsmallpadding ppb_text\" style=\"padding:0px 0 0px 0;\" >\n<div class=\"standard_wrapper\">\n<div class=\"page_content_wrapper\">\n<div class=\"inner\">\n<div style=\"margin:auto;width:100%\">\n<hr\/>\n<\/div>\n<\/div>\n<\/div>\n<\/div>\n<\/div>\n<div  class=\"one\">\n<div id=\"170397295163318519\" data-rows=\"3\" class=\"gallery_gridrotator ri-grid ri-grid-size-3\">\n<ul>\n<li><a href=\"#\"><img decoding=\"async\" src=\"https:\/\/fantasyfineart.cl\/wp-content\/uploads\/2017\/10\/Alma-Wolf-150x150.jpg\" alt=\"\"\/><\/a><\/li>\n<li><a href=\"#\"><img decoding=\"async\" src=\"https:\/\/fantasyfineart.cl\/wp-content\/uploads\/2015\/06\/DSC00426-Editada-150x150.jpg\" alt=\"\"\/><\/a><\/li>\n<li><a href=\"#\"><img decoding=\"async\" src=\"https:\/\/fantasyfineart.cl\/wp-content\/uploads\/2017\/10\/DSC01650-150x150.jpg\" alt=\"\"\/><\/a><\/li>\n<li><a href=\"#\"><img decoding=\"async\" src=\"https:\/\/fantasyfineart.cl\/wp-content\/uploads\/2015\/06\/Arina-WS-150x150.jpg\" alt=\"\"\/><\/a><\/li>\n<li><a href=\"#\"><img decoding=\"async\" src=\"https:\/\/fantasyfineart.cl\/wp-content\/uploads\/2017\/10\/Alma-epic-redit-2-150x150.jpg\" alt=\"\"\/><\/a><\/li>\n<li><a href=\"#\"><img decoding=\"async\" src=\"https:\/\/fantasyfineart.cl\/wp-content\/uploads\/2015\/06\/DSC00618-Editada-2-150x150.jpg\" alt=\"\"\/><\/a><\/li>\n<li><a href=\"#\"><img decoding=\"async\" src=\"https:\/\/fantasyfineart.cl\/wp-content\/uploads\/2015\/06\/Blue-fairy-nov2023-150x150.jpg\" alt=\"\"\/><\/a><\/li>\n<li><a href=\"#\"><img decoding=\"async\" src=\"https:\/\/fantasyfineart.cl\/wp-content\/uploads\/2015\/06\/08447-Vertical-150x150.jpg\" alt=\"\"\/><\/a><\/li>\n<li><a href=\"#\"><img decoding=\"async\" src=\"https:\/\/fantasyfineart.cl\/wp-content\/uploads\/2015\/06\/DSC01461-Editada-150x150.jpg\" alt=\"\"\/><\/a><\/li>\n<li><a href=\"#\"><img decoding=\"async\" src=\"https:\/\/fantasyfineart.cl\/wp-content\/uploads\/2015\/06\/DSC01461-Editada-b-150x150.jpg\" alt=\"\"\/><\/a><\/li>\n<li><a href=\"#\"><img decoding=\"async\" src=\"https:\/\/fantasyfineart.cl\/wp-content\/uploads\/2015\/06\/DSC00158-Editada-150x150.jpg\" alt=\"\"\/><\/a><\/li>\n<li><a href=\"#\"><img decoding=\"async\" src=\"https:\/\/fantasyfineart.cl\/wp-content\/uploads\/2015\/06\/Julieta-1-150x150.jpg\" alt=\"\"\/><\/a><\/li>\n<li><a href=\"#\"><img decoding=\"async\" src=\"https:\/\/fantasyfineart.cl\/wp-content\/uploads\/2022\/12\/daniela1-150x150.jpg\" alt=\"\"\/><\/a><\/li>\n<li><a href=\"#\"><img decoding=\"async\" src=\"https:\/\/fantasyfineart.cl\/wp-content\/uploads\/2013\/07\/redwoman-150x150.jpg\" alt=\"\"\/><\/a><\/li>\n<li><a href=\"#\"><img decoding=\"async\" src=\"https:\/\/fantasyfineart.cl\/wp-content\/uploads\/2016\/02\/DSC00706-Editada-1-150x150.jpg\" alt=\"\"\/><\/a><\/li>\n<li><a href=\"#\"><img decoding=\"async\" src=\"https:\/\/fantasyfineart.cl\/wp-content\/uploads\/2023\/12\/TC-Taller-150x150.jpg\" alt=\"\"\/><\/a><\/li>\n<li><a href=\"#\"><img decoding=\"async\" src=\"https:\/\/fantasyfineart.cl\/wp-content\/uploads\/2017\/10\/green-fairy-150x150.jpg\" alt=\"\"\/><\/a><\/li>\n<li><a href=\"#\"><img decoding=\"async\" src=\"https:\/\/fantasyfineart.cl\/wp-content\/uploads\/2015\/06\/Paloma-2-150x150.jpg\" alt=\"\"\/><\/a><\/li>\n<li><a href=\"#\"><img decoding=\"async\" src=\"https:\/\/fantasyfineart.cl\/wp-content\/uploads\/2017\/10\/white-dress-150x150.jpg\" alt=\"\"\/><\/a><\/li>\n<li><a href=\"#\"><img decoding=\"async\" src=\"https:\/\/fantasyfineart.cl\/wp-content\/uploads\/2015\/06\/Fine-art-edit-150x150.jpg\" alt=\"\"\/><\/a><\/li>\n<li><a href=\"#\"><img decoding=\"async\" src=\"https:\/\/fantasyfineart.cl\/wp-content\/uploads\/2017\/10\/epic-cedeno-150x150.jpg\" alt=\"\"\/><\/a><\/li>\n<li><a href=\"#\"><img decoding=\"async\" src=\"https:\/\/fantasyfineart.cl\/wp-content\/uploads\/2015\/06\/08256-Vertical-150x150.jpg\" alt=\"\"\/><\/a><\/li>\n<li><a href=\"#\"><img decoding=\"async\" src=\"https:\/\/fantasyfineart.cl\/wp-content\/uploads\/2017\/10\/Epic1-150x150.jpg\" alt=\"\"\/><\/a><\/li>\n<li><a href=\"#\"><img decoding=\"async\" src=\"https:\/\/fantasyfineart.cl\/wp-content\/uploads\/2017\/10\/Maddy-reedit-DSC00719-final-150x150.jpg\" alt=\"\"\/><\/a><\/li>\n<li><a href=\"#\"><img decoding=\"async\" src=\"https:\/\/fantasyfineart.cl\/wp-content\/uploads\/2017\/10\/mabel-bosque-150x150.jpg\" alt=\"\"\/><\/a><\/li>\n<li><a href=\"#\"><img decoding=\"async\" src=\"https:\/\/fantasyfineart.cl\/wp-content\/uploads\/2016\/02\/DSC00588-16_9-150x150.jpg\" alt=\"\"\/><\/a><\/li>\n<li><a href=\"#\"><img decoding=\"async\" src=\"https:\/\/fantasyfineart.cl\/wp-content\/uploads\/2017\/10\/Lorena-1-150x150.jpg\" alt=\"\"\/><\/a><\/li>\n<li><a href=\"#\"><img decoding=\"async\" src=\"https:\/\/fantasyfineart.cl\/wp-content\/uploads\/2015\/06\/DSC05557-Alma-150x150.jpg\" alt=\"\"\/><\/a><\/li>\n<li><a href=\"#\"><img decoding=\"async\" src=\"https:\/\/fantasyfineart.cl\/wp-content\/uploads\/2017\/10\/Lourdes-Rod_Mardones-150x150.jpg\" alt=\"\"\/><\/a><\/li>\n<li><a href=\"#\"><img decoding=\"async\" src=\"https:\/\/fantasyfineart.cl\/wp-content\/uploads\/2017\/10\/Dani-Full-body-1-150x150.jpg\" alt=\"\"\/><\/a><\/li>\n<li><a href=\"#\"><img decoding=\"async\" src=\"https:\/\/fantasyfineart.cl\/wp-content\/uploads\/2017\/10\/DSC00235-150x150.jpg\" alt=\"\"\/><\/a><\/li>\n<li><a href=\"#\"><img decoding=\"async\" src=\"https:\/\/fantasyfineart.cl\/wp-content\/uploads\/2017\/10\/Simo-casachocolate-150x150.jpg\" alt=\"\"\/><\/a><\/li>\n<li><a href=\"#\"><img decoding=\"async\" src=\"https:\/\/fantasyfineart.cl\/wp-content\/uploads\/2015\/06\/DSC00375-Editada-150x150.jpg\" alt=\"\"\/><\/a><\/li>\n<li><a href=\"#\"><img decoding=\"async\" src=\"https:\/\/fantasyfineart.cl\/wp-content\/uploads\/2017\/10\/Dani-1-150x150.jpg\" alt=\"\"\/><\/a><\/li>\n<li><a href=\"#\"><img decoding=\"async\" src=\"https:\/\/fantasyfineart.cl\/wp-content\/uploads\/2017\/10\/DSC09803-Editada-150x150.jpg\" alt=\"\"\/><\/a><\/li>\n<li><a href=\"#\"><img decoding=\"async\" src=\"https:\/\/fantasyfineart.cl\/wp-content\/uploads\/2015\/06\/Maria-Paz-3-150x150.jpg\" alt=\"\"\/><\/a><\/li>\n<li><a href=\"#\"><img decoding=\"async\" src=\"https:\/\/fantasyfineart.cl\/wp-content\/uploads\/2015\/06\/Paloma-3-150x150.jpg\" alt=\"\"\/><\/a><\/li>\n<li><a href=\"#\"><img decoding=\"async\" src=\"https:\/\/fantasyfineart.cl\/wp-content\/uploads\/2015\/06\/Sophia-Alta-150x150.jpg\" alt=\"\"\/><\/a><\/li>\n<li><a href=\"#\"><img decoding=\"async\" src=\"https:\/\/fantasyfineart.cl\/wp-content\/uploads\/2017\/10\/DSC08855-Editada-2--150x150.jpg\" alt=\"\"\/><\/a><\/li>\n<li><a href=\"#\"><img decoding=\"async\" src=\"https:\/\/fantasyfineart.cl\/wp-content\/uploads\/2023\/10\/Mabel-Vira-4-150x150.jpg\" alt=\"\"\/><\/a><\/li>\n<li><a href=\"#\"><img decoding=\"async\" src=\"https:\/\/fantasyfineart.cl\/wp-content\/uploads\/2017\/10\/DSC09579-Editada-150x150.jpg\" alt=\"\"\/><\/a><\/li>\n<li><a href=\"#\"><img decoding=\"async\" src=\"https:\/\/fantasyfineart.cl\/wp-content\/uploads\/2023\/10\/Leon-Tren-150x150.jpg\" alt=\"\"\/><\/a><\/li>\n<li><a href=\"#\"><img decoding=\"async\" src=\"https:\/\/fantasyfineart.cl\/wp-content\/uploads\/2015\/06\/08348-150x150.jpg\" alt=\"\"\/><\/a><\/li>\n<li><a href=\"#\"><img decoding=\"async\" src=\"https:\/\/fantasyfineart.cl\/wp-content\/uploads\/2015\/07\/DSC04310-Simo-150x150.jpg\" alt=\"\"\/><\/a><\/li>\n<li><a href=\"#\"><img decoding=\"async\" src=\"https:\/\/fantasyfineart.cl\/wp-content\/uploads\/2022\/12\/simone-150x150.jpg\" alt=\"\"\/><\/a><\/li>\n<li><a href=\"#\"><img decoding=\"async\" src=\"https:\/\/fantasyfineart.cl\/wp-content\/uploads\/2017\/10\/DARLING-AI-150x150.jpg\" alt=\"\"\/><\/a><\/li>\n<li><a href=\"#\"><img decoding=\"async\" src=\"https:\/\/fantasyfineart.cl\/wp-content\/uploads\/2023\/10\/maddy-mushroom-150x150.jpg\" alt=\"\"\/><\/a><\/li>\n<li><a href=\"#\"><img decoding=\"async\" src=\"https:\/\/fantasyfineart.cl\/wp-content\/uploads\/2023\/10\/Leon-Musico-150x150.jpg\" alt=\"\"\/><\/a><\/li>\n<li><a href=\"#\"><img decoding=\"async\" src=\"https:\/\/fantasyfineart.cl\/wp-content\/uploads\/2017\/10\/aminataller1-150x150.jpg\" alt=\"\"\/><\/a><\/li>\n<li><a href=\"#\"><img decoding=\"async\" src=\"https:\/\/fantasyfineart.cl\/wp-content\/uploads\/2015\/06\/Maddy-1-150x150.jpg\" alt=\"\"\/><\/a><\/li>\n<li><a href=\"#\"><img decoding=\"async\" src=\"https:\/\/fantasyfineart.cl\/wp-content\/uploads\/2015\/06\/Arina1-150x150.jpg\" alt=\"\"\/><\/a><\/li>\n<li><a href=\"#\"><img decoding=\"async\" src=\"https:\/\/fantasyfineart.cl\/wp-content\/uploads\/2015\/06\/DSC00579-Editar-150x150.jpg\" alt=\"\"\/><\/a><\/li>\n<li><a href=\"#\"><img decoding=\"async\" src=\"https:\/\/fantasyfineart.cl\/wp-content\/uploads\/2015\/06\/DSC09668-Editada-150x150.jpg\" alt=\"\"\/><\/a><\/li>\n<li><a href=\"#\"><img decoding=\"async\" src=\"https:\/\/fantasyfineart.cl\/wp-content\/uploads\/2015\/06\/08398-vertical-150x150.jpg\" alt=\"\"\/><\/a><\/li>\n<li><a href=\"#\"><img decoding=\"async\" src=\"https:\/\/fantasyfineart.cl\/wp-content\/uploads\/2015\/06\/DSC01461-Editada-a-150x150.jpg\" alt=\"\"\/><\/a><\/li>\n<\/ul>\n<\/div>\n<\/div>\n","protected":false},"excerpt":{"rendered":"","protected":false},"author":1,"featured_media":0,"parent":0,"menu_order":0,"comment_status":"closed","ping_status":"closed","template":"","meta":{"_bbp_topic_count":0,"_bbp_reply_count":0,"_bbp_total_topic_count":0,"_bbp_total_reply_count":0,"_bbp_voice_count":0,"_bbp_anonymous_reply_count":0,"_bbp_topic_count_hidden":0,"_bbp_reply_count_hidden":0,"_bbp_forum_subforum_count":0,"footnotes":""},"class_list":["post-6187","page","type-page","status-publish","hentry"],"jetpack_sharing_enabled":true,"amp_enabled":true,"_links":{"self":[{"href":"https:\/\/fantasyfineart.cl\/index.php\/wp-json\/wp\/v2\/pages\/6187","targetHints":{"allow":["GET"]}}],"collection":[{"href":"https:\/\/fantasyfineart.cl\/index.php\/wp-json\/wp\/v2\/pages"}],"about":[{"href":"https:\/\/fantasyfineart.cl\/index.php\/wp-json\/wp\/v2\/types\/page"}],"author":[{"embeddable":true,"href":"https:\/\/fantasyfineart.cl\/index.php\/wp-json\/wp\/v2\/users\/1"}],"replies":[{"embeddable":true,"href":"https:\/\/fantasyfineart.cl\/index.php\/wp-json\/wp\/v2\/comments?post=6187"}],"version-history":[{"count":12,"href":"https:\/\/fantasyfineart.cl\/index.php\/wp-json\/wp\/v2\/pages\/6187\/revisions"}],"predecessor-version":[{"id":6346,"href":"https:\/\/fantasyfineart.cl\/index.php\/wp-json\/wp\/v2\/pages\/6187\/revisions\/6346"}],"wp:attachment":[{"href":"https:\/\/fantasyfineart.cl\/index.php\/wp-json\/wp\/v2\/media?parent=6187"}],"curies":[{"name":"wp","href":"https:\/\/api.w.org\/{rel}","templated":true}]}}