{"id":6077,"date":"2023-10-08T00:08:05","date_gmt":"2023-10-08T00:08:05","guid":{"rendered":"https:\/\/fantasyfineart.cl\/?page_id=6077"},"modified":"2023-10-09T14:01:40","modified_gmt":"2023-10-09T14:01:40","slug":"acerca-de-mi","status":"publish","type":"page","link":"https:\/\/fantasyfineart.cl\/index.php\/acerca-de-mi\/","title":{"rendered":"Acerca de mi"},"content":{"rendered":"<div  class=\"one withsmallpadding ppb_header \" style=\"text-align:center;padding:60px 0 60px 0;\" >\n<div class=\"standard_wrapper\">\n<div class=\"page_content_wrapper\">\n<div class=\"inner\">\n<div style=\"margin:auto;width:50%\">\n<h2 class=\"ppb_title\" style=\"\">Acerca de m\u00ed<\/h2>\n<hr class=\"title_break center\" style=\"\"\/>\n<div class=\"ppb_header_content\">\n<\/div>\n<\/div>\n<\/div>\n<\/div>\n<\/div>\n<\/div>\n<div  class=\"one\" style=\"padding:0px 0 0px 0;\" >\n<div class=\"standard_wrapper\">\n<div class=\"page_content_wrapper\">\n<div class=\"inner\">\n<div class=\"one_half\">\n<div class=\"image_classic_frame expand\">\n<div class=\"image_wrapper\"><img decoding=\"async\" src=\"https:\/\/fantasyfineart.cl\/wp-content\/uploads\/2023\/10\/1000011310_38d00ec0f7b856fc136c3121e5463798-25_4_2023-1_01_04-p.-m.jpg\" alt=\"\" class=\"preview\"\/><\/div>\n<\/div>\n<\/div>\n<div class=\"one_half last content_middle\">\n<div class=\"ppb_subtitle\">Photographer\/Designer\/Editor<\/div>\n<h2 class=\"ppb_title\">Rodrigo Mardones<\/h2>\n<div style=\"margin-top: 20px;\">\n<p>\u00a1Hola! Soy Rodrigo Mardones, ingeniero de sonido y fot\u00f3grafo especializado en retratos Fine Art y fantas\u00eda. Mi pasi\u00f3n por el cine y la fantas\u00eda me inspira a crear y capturar momentos \u00e9picos en cada sesi\u00f3n. Me dedico a crear ambientes m\u00e1gicos y \u00fanicos, en los que los protagonistas pueden sentirse como si estuvieran dentro de su propia pel\u00edcula. En cada sesi\u00f3n, trabajo para capturar la esencia de cada persona y crear un retrato que refleje su personalidad. Si buscas una experiencia m\u00e1gica y personalizada, \u00a1no dudes en contactarme!<\/p>\n<p><img decoding=\"async\" loading=\"lazy\" class=\"alignnone size-medium wp-image-6110\" src=\"https:\/\/fantasyfineart.cl\/wp-content\/uploads\/2023\/10\/Rod-Mardnes-grande-300x90.png\" alt=\"\" width=\"300\" height=\"90\" \/><\/p>\n<\/div>\n<\/div>\n<p><br class=\"clear\"\/><\/div>\n<\/div>\n<\/div>\n<\/div>\n","protected":false},"excerpt":{"rendered":"","protected":false},"author":1,"featured_media":6035,"parent":0,"menu_order":0,"comment_status":"closed","ping_status":"closed","template":"","meta":{"_bbp_topic_count":0,"_bbp_reply_count":0,"_bbp_total_topic_count":0,"_bbp_total_reply_count":0,"_bbp_voice_count":0,"_bbp_anonymous_reply_count":0,"_bbp_topic_count_hidden":0,"_bbp_reply_count_hidden":0,"_bbp_forum_subforum_count":0,"footnotes":""},"class_list":["post-6077","page","type-page","status-publish","has-post-thumbnail","hentry"],"jetpack_sharing_enabled":true,"amp_enabled":true,"_links":{"self":[{"href":"https:\/\/fantasyfineart.cl\/index.php\/wp-json\/wp\/v2\/pages\/6077","targetHints":{"allow":["GET"]}}],"collection":[{"href":"https:\/\/fantasyfineart.cl\/index.php\/wp-json\/wp\/v2\/pages"}],"about":[{"href":"https:\/\/fantasyfineart.cl\/index.php\/wp-json\/wp\/v2\/types\/page"}],"author":[{"embeddable":true,"href":"https:\/\/fantasyfineart.cl\/index.php\/wp-json\/wp\/v2\/users\/1"}],"replies":[{"embeddable":true,"href":"https:\/\/fantasyfineart.cl\/index.php\/wp-json\/wp\/v2\/comments?post=6077"}],"version-history":[{"count":14,"href":"https:\/\/fantasyfineart.cl\/index.php\/wp-json\/wp\/v2\/pages\/6077\/revisions"}],"predecessor-version":[{"id":6183,"href":"https:\/\/fantasyfineart.cl\/index.php\/wp-json\/wp\/v2\/pages\/6077\/revisions\/6183"}],"wp:featuredmedia":[{"embeddable":true,"href":"https:\/\/fantasyfineart.cl\/index.php\/wp-json\/wp\/v2\/media\/6035"}],"wp:attachment":[{"href":"https:\/\/fantasyfineart.cl\/index.php\/wp-json\/wp\/v2\/media?parent=6077"}],"curies":[{"name":"wp","href":"https:\/\/api.w.org\/{rel}","templated":true}]}}