{"id":5923,"date":"2016-08-02T10:24:56","date_gmt":"2016-08-02T10:24:56","guid":{"rendered":"http:\/\/okab.pixeldima.com\/okab\/photography\/?page_id=25"},"modified":"2023-10-09T15:41:45","modified_gmt":"2023-10-09T15:41:45","slug":"about","status":"publish","type":"page","link":"https:\/\/fantasyfineart.cl\/index.php\/about\/","title":{"rendered":"Fantasy Fine Art"},"content":{"rendered":"<div  class=\"one withsmallpadding ppb_header \" style=\"padding-bottom: 0px !important;text-align:center;padding:50px 0 50px 0;background-color:#000000;\" >\n<div class=\"standard_wrapper\">\n<div class=\"page_content_wrapper\">\n<div class=\"inner\">\n<div style=\"margin:auto;width:50%\">\n<div class=\"ppb_subtitle\" style=\"\">Retratos Fine art<\/div>\n<h2 class=\"ppb_title\" style=\"\">Fantasy Fine art<\/h2>\n<\/div>\n<\/div>\n<\/div>\n<\/div>\n<\/div>\n<div  class=\"one withsmallpadding ppb_text\" style=\"padding:30px 0 30px 0;\" >\n<div class=\"standard_wrapper\">\n<div class=\"page_content_wrapper\">\n<div class=\"inner\">\n<div style=\"margin:auto;width:70%\">\n<hr\/>\n<\/div>\n<\/div>\n<\/div>\n<\/div>\n<\/div>\n<div  class=\"one withsmallpadding ppb_text\" style=\"padding:0px 0 0px 0;\" >\n<div class=\"standard_wrapper\">\n<div class=\"page_content_wrapper\">\n<div class=\"inner\">\n<div style=\"margin:auto;width:70%\">\n<p>En nuestros servicios fotogr\u00e1ficos, te ofrecemos la posibilidad de combinar el arte del Fine Art con la fantas\u00eda para lograr una experiencia \u00fanica y personalizada. El Fine Art busca obtener fotograf\u00edas con un enfoque art\u00edstico, mientras que la fantas\u00eda nos permite crear escenarios irreales. Con el vestuario y la puesta en escena precisos, podemos lograr cualquier ambiente que desees, desde un cuento de hadas hasta una pel\u00edcula. Te invitamos a vivir una sesi\u00f3n fotogr\u00e1fica m\u00e1gica e inolvidable.<\/p>\n<\/div>\n<\/div>\n<\/div>\n<\/div>\n<\/div>\n<div  class=\"one\" style=\"padding:50px 0 50px 0;\" >\n<div class=\"page_content_wrapper withbg \" style=\"background-image:url(https:\/\/fantasyfineart.cl\/wp-content\/uploads\/2023\/10\/banner-web-3.png);background-size:cover;background-position:center bottom;height:500px;position:relative;\"><\/div>\n<\/div>\n<div  class=\"one withsmallpadding ppb_text\" style=\"padding:0px 0 0px 0;\" >\n<div class=\"standard_wrapper\">\n<div class=\"page_content_wrapper\">\n<div class=\"inner\">\n<div style=\"margin:auto;width:70%\">\n<p><span class=\"OYPEnA text-decoration-none text-strikethrough-none\" style=\"color: #000000;\">En nuestros servicios fotogr\u00e1ficos, te ofrecemos la posibilidad de combinar el arte del Fine Art con la fantas\u00eda para lograr una experiencia \u00fanica y personalizada. El Fine Art busca obtener fotograf\u00edas con un enfoque art\u00edstico, mientras que la fantas\u00eda nos permite crear escenarios irreales. Con el vestuario y la puesta en escena precisos, podemos lograr cualquier ambiente que desees, desde un cuento de hadas hasta una pel\u00edcula. Te invitamos a vivir una sesi\u00f3n fotogr\u00e1fica m\u00e1gica e inolvidable.<\/span><\/p>\n<p>\u00a0<\/p>\n<\/div>\n<\/div>\n<\/div>\n<\/div>\n<\/div>\n","protected":false},"excerpt":{"rendered":"","protected":false},"author":3,"featured_media":0,"parent":0,"menu_order":0,"comment_status":"closed","ping_status":"closed","template":"","meta":{"_bbp_topic_count":0,"_bbp_reply_count":0,"_bbp_total_topic_count":0,"_bbp_total_reply_count":0,"_bbp_voice_count":0,"_bbp_anonymous_reply_count":0,"_bbp_topic_count_hidden":0,"_bbp_reply_count_hidden":0,"_bbp_forum_subforum_count":0,"footnotes":""},"class_list":["post-5923","page","type-page","status-publish","hentry"],"jetpack_sharing_enabled":true,"amp_enabled":true,"_links":{"self":[{"href":"https:\/\/fantasyfineart.cl\/index.php\/wp-json\/wp\/v2\/pages\/5923","targetHints":{"allow":["GET"]}}],"collection":[{"href":"https:\/\/fantasyfineart.cl\/index.php\/wp-json\/wp\/v2\/pages"}],"about":[{"href":"https:\/\/fantasyfineart.cl\/index.php\/wp-json\/wp\/v2\/types\/page"}],"author":[{"embeddable":true,"href":"https:\/\/fantasyfineart.cl\/index.php\/wp-json\/wp\/v2\/users\/3"}],"replies":[{"embeddable":true,"href":"https:\/\/fantasyfineart.cl\/index.php\/wp-json\/wp\/v2\/comments?post=5923"}],"version-history":[{"count":12,"href":"https:\/\/fantasyfineart.cl\/index.php\/wp-json\/wp\/v2\/pages\/5923\/revisions"}],"predecessor-version":[{"id":6214,"href":"https:\/\/fantasyfineart.cl\/index.php\/wp-json\/wp\/v2\/pages\/5923\/revisions\/6214"}],"wp:attachment":[{"href":"https:\/\/fantasyfineart.cl\/index.php\/wp-json\/wp\/v2\/media?parent=5923"}],"curies":[{"name":"wp","href":"https:\/\/api.w.org\/{rel}","templated":true}]}}